{"id":144,"date":"2019-11-07T16:36:14","date_gmt":"2019-11-07T16:36:14","guid":{"rendered":"http:\/\/antoniovalencia.com\/?page_id=144"},"modified":"2020-01-30T13:41:33","modified_gmt":"2020-01-30T13:41:33","slug":"reflejos-personalizados","status":"publish","type":"page","link":"https:\/\/antoniovalencia.com\/index.php\/reflejos-personalizados\/","title":{"rendered":"Mechas \/ Reflejos"},"content":{"rendered":"<p>[vc_row][vc_column width=\u00bb1\/2&#8243;][vc_column_text]<\/p>\n<h4>Consulta con nuestro equipo de profesionales cual es el efecto que m\u00e1s te favorece, ya que dentro de las t\u00e9cnicas existen diferentes tipos de aplicaciones. Mechas m\u00e1s sutiles o m\u00e1s intensas y de diferentes tipos seg\u00fan tu rostro y corte.<\/h4>\n<h4><strong>Mechas Cl\u00e1sicas<\/strong>. Las mechas cl\u00e1sicas y los reflejos son las opciones que puedes elegir para iluminar todo tu cabello. Consiste en aplicar el tinte en peque\u00f1os mechones a lo largo de la cabeza.<\/h4>\n<h4><strong>Babylights<\/strong>. Estas mechas con el nombre m\u00e1s dulce no son m\u00e1s que la evoluci\u00f3n perfecta de las mechas rubias de toda la vida. Son finas, sutiles y crean el efecto real del sol iluminando tu melena. Por eso son perfectas si quieres aclarar s\u00f3lo ligeramente. El efecto es de mechas muy, muy finas para dar relieve de manera extra natural. No sirven para aclarar mucho, el objetivo es dar reflejo a la base y, a lo sumo, aclarar un tono y medio el color natural. La idea es que no parezca que llevas mechas.<\/h4>\n<h4><strong>Balayage<\/strong>. Las mechas m\u00e1s deseadas, googleadas y pedidas en las peluquer\u00edas son el paso siguiente a las mechas californianas que marcaron un antes y un despu\u00e9s en nuestras vidas. La t\u00e9cnica del \u2018balayage\u2019 (\u2018barrido\u2019 en franc\u00e9s) consigue <em>\u201cunas mechas con un degradado de color de oscuro a claro (partiendo de cualquier color) que aportan luminosidad y movimiento a la melena.<\/em><\/h4>\n<h4><strong>Blonde<\/strong><em>. <\/em>S\u00ed, por supuesto, hay chicas que a\u00fan siguen prefiriendo las mechas rubias o en tonos caramelo de toda la vida. Con la t\u00e9cnica Blonde para mechas rubias se consigue aclarar el 90% de la melena. Se aplica preferiblemente en cabellos no excesivamente rizados, encrespados o da\u00f1ados y queda genial a cualquier tipo de tonos de piel.<\/h4>\n<h4><strong>Californianas<\/strong>. Estas mechas simulan el degradado del sol en el pelo, de estilo surfero donde la ra\u00edz es m\u00e1s oscura que las puntas (que pueden llegar a ser totalmente blancas). \u00bfA qui\u00e9n le quedan ideal? Si a\u00fan eres fan de este tipo de coloraci\u00f3n tan marcada, tienes v\u00eda libre: quedan genial a todo tipo de tonos y texturas.<\/h4>\n<h4><strong>Hair Contouring<\/strong>. As\u00ed, si el \u2018contouring\u2019 facial consiste en destacar ciertas facciones, se busca el mismo efecto pero a trav\u00e9s de la coloraci\u00f3n del pelo. Es un servicio totalmente personalizado en el que se estudia la forma del rostro de cada persona para resaltar y embellecer las facciones. Sirve para aportar luminosidad al contorno de la cara jugando con luces y sombras. Los tonos m\u00e1s oscuros crean sombras que ayudan a acortar o afinar el rostro. Los tonos m\u00e1s claros alargan, al reflejar la luz. El color se adapta y se escoge seg\u00fan el tono natural de cada persona y no necesita de mantenimiento constante ya que el color se funde con tu base.<\/h4>\n<h4><strong>Mechas Shatush.<\/strong> Se realizan sobre el cabello cardado por lo que solo parte del cabello se ti\u00f1e, consiguiendo as\u00ed un efecto difuminado muy natural<strong>.<\/strong> Las mechas Shatush aportan un efecto muy natural y llenan el cabello de matices. Es ideal cuando no se quiere el efecto de la mecha sino un difuminado que acent\u00fae m\u00e1s las puntas, a las que da mucho relieve. Queda genial realizarlo sobre melenas lisas u onduladas, adem\u00e1s, es una coloraci\u00f3n apta para melenas mini y pelo corto.<\/h4>\n<p>[\/vc_column_text][\/vc_column][vc_column width=\u00bb1\/2&#8243;][vc_single_image image=\u00bb440&#8243; img_size=\u00bbfull\u00bb alignment=\u00bbcenter\u00bb][\/vc_column][\/vc_row]<\/p>\n","protected":false},"excerpt":{"rendered":"<p>[vc_row][vc_column width=\u00bb1\/2&#8243;][vc_column_text] Consulta con nuestro equipo de profesionales cual es el efecto que m\u00e1s te favorece, ya que dentro de las t\u00e9cnicas existen diferentes tipos de<span class=\"excerpt-hellip\"> [\u2026]<\/span><\/p>\n","protected":false},"author":1,"featured_media":0,"parent":0,"menu_order":0,"comment_status":"closed","ping_status":"closed","template":"","meta":[],"_links":{"self":[{"href":"https:\/\/antoniovalencia.com\/index.php\/wp-json\/wp\/v2\/pages\/144"}],"collection":[{"href":"https:\/\/antoniovalencia.com\/index.php\/wp-json\/wp\/v2\/pages"}],"about":[{"href":"https:\/\/antoniovalencia.com\/index.php\/wp-json\/wp\/v2\/types\/page"}],"author":[{"embeddable":true,"href":"https:\/\/antoniovalencia.com\/index.php\/wp-json\/wp\/v2\/users\/1"}],"replies":[{"embeddable":true,"href":"https:\/\/antoniovalencia.com\/index.php\/wp-json\/wp\/v2\/comments?post=144"}],"version-history":[{"count":20,"href":"https:\/\/antoniovalencia.com\/index.php\/wp-json\/wp\/v2\/pages\/144\/revisions"}],"predecessor-version":[{"id":447,"href":"https:\/\/antoniovalencia.com\/index.php\/wp-json\/wp\/v2\/pages\/144\/revisions\/447"}],"wp:attachment":[{"href":"https:\/\/antoniovalencia.com\/index.php\/wp-json\/wp\/v2\/media?parent=144"}],"curies":[{"name":"wp","href":"https:\/\/api.w.org\/{rel}","templated":true}]}}