{"id":155,"date":"2019-11-07T16:46:26","date_gmt":"2019-11-07T16:46:26","guid":{"rendered":"http:\/\/antoniovalencia.com\/?page_id=155"},"modified":"2020-01-30T13:42:36","modified_gmt":"2020-01-30T13:42:36","slug":"recogidos","status":"publish","type":"page","link":"https:\/\/antoniovalencia.com\/index.php\/recogidos\/","title":{"rendered":"Recogidos"},"content":{"rendered":"<p>[vc_row][vc_column width=\u00bb1\/2&#8243;][vc_column_text]<\/p>\n<h4>Si quieres lucir un look diferente en una ocasi\u00f3n especial, una buena opci\u00f3n es un recogido que se adapte a tu personalidad.<br \/>\nRecogidos cl\u00e1sicos, mo\u00f1os estirados, que suelen ser tambi\u00e9n los mas elegantes ideales para estilizar.<\/h4>\n<h4>Recogidos originales, buscando las tendencias en peinados de temporada. Los recogidos con tup\u00e9 estilo a\u00f1os 30, los peinados laterales y los mo\u00f1os con mucho volumen o cardados etc.<\/h4>\n<h4>Recogidos despeinados, con raya en medio o al lado, con este tipo de recogido conseguir\u00e1s un look de lo m\u00e1s juvenil y desenfadado. Un look casual e informal.<\/h4>\n<h4>Semirecogidos, son perfectos para todo tipo de rostros y adem\u00e1s a\u00f1aden volumen a nuestro cabello. Son ideales para el d\u00eda a d\u00eda, y para ocasiones formales.<\/h4>\n<p>[\/vc_column_text][\/vc_column][vc_column width=\u00bb1\/2&#8243;][vc_single_image image=\u00bb442&#8243; img_size=\u00bbfull\u00bb alignment=\u00bbcenter\u00bb][\/vc_column][\/vc_row]<\/p>\n","protected":false},"excerpt":{"rendered":"<p>[vc_row][vc_column width=\u00bb1\/2&#8243;][vc_column_text] Si quieres lucir un look diferente en una ocasi\u00f3n especial, una buena opci\u00f3n es un recogido que se adapte a tu personalidad. Recogidos cl\u00e1sicos,<span class=\"excerpt-hellip\"> [\u2026]<\/span><\/p>\n","protected":false},"author":1,"featured_media":0,"parent":0,"menu_order":0,"comment_status":"closed","ping_status":"closed","template":"","meta":[],"_links":{"self":[{"href":"https:\/\/antoniovalencia.com\/index.php\/wp-json\/wp\/v2\/pages\/155"}],"collection":[{"href":"https:\/\/antoniovalencia.com\/index.php\/wp-json\/wp\/v2\/pages"}],"about":[{"href":"https:\/\/antoniovalencia.com\/index.php\/wp-json\/wp\/v2\/types\/page"}],"author":[{"embeddable":true,"href":"https:\/\/antoniovalencia.com\/index.php\/wp-json\/wp\/v2\/users\/1"}],"replies":[{"embeddable":true,"href":"https:\/\/antoniovalencia.com\/index.php\/wp-json\/wp\/v2\/comments?post=155"}],"version-history":[{"count":6,"href":"https:\/\/antoniovalencia.com\/index.php\/wp-json\/wp\/v2\/pages\/155\/revisions"}],"predecessor-version":[{"id":448,"href":"https:\/\/antoniovalencia.com\/index.php\/wp-json\/wp\/v2\/pages\/155\/revisions\/448"}],"wp:attachment":[{"href":"https:\/\/antoniovalencia.com\/index.php\/wp-json\/wp\/v2\/media?parent=155"}],"curies":[{"name":"wp","href":"https:\/\/api.w.org\/{rel}","templated":true}]}}