{"id":243,"date":"2020-01-21T11:53:45","date_gmt":"2020-01-21T11:53:45","guid":{"rendered":"http:\/\/antoniovalencia.com\/?page_id=243"},"modified":"2020-01-29T20:47:04","modified_gmt":"2020-01-29T20:47:04","slug":"nuestras-instalaciones","status":"publish","type":"page","link":"https:\/\/antoniovalencia.com\/index.php\/nuestras-instalaciones\/","title":{"rendered":"Nuestras Instalaciones"},"content":{"rendered":"<p>[vc_row disable_element=\u00bbyes\u00bb][vc_column][vc_column_text]<\/p>\n<h4>Nuestro Sal\u00f3n de estilismo es un lugar donde disfrutar del servicio de peluquer\u00eda, maquillaje y algo m\u00e1s.<\/h4>\n<h4>El sal\u00f3n se distribuye en varias zonas:<\/h4>\n<h4>Bienvenida: Recepci\u00f3n y Atenci\u00f3n al Cliente.<\/h4>\n<h4>Zona de espera: Disponemos de un espacio que llamamos \u201ccoffe corner\u201d, el cual nuestro cliente puede utilizar mientras espera a ser atendido o durante el tiempo de exposici\u00f3n de cualquier trabajo t\u00e9cnico. En \u00e9l dispone de varios productos gratuitos, para el consumo en nuestro sal\u00f3n, como: agua, caf\u00e9s de varios tipos de la marca Musetti, m\u00e1s de quince clases de infusiones a elegir, zumos y algo de comer.<\/h4>\n<h4>Barber corner. Un espacio exclusivo para los hombres, donde les atendemos para el corte de cabello y barba.<\/h4>\n<h4>Peluquer\u00eda: Espacio c\u00f3modo y confortable, con una decoraci\u00f3n natural y con predominio del blanco, con un jard\u00edn invertido en el techo y varias zonas: para higiene capilar, t\u00e9cnicas de color, corte y estilismo.<\/h4>\n<h4>Maquillajes y novias: Un espacio donde realizamos maquillajes y atendemos en exclusiva a las novias, tanto para peluquer\u00eda como maquillaje, d\u00e1ndoles la privacidad y tranquilidad tan necesaria para ese d\u00eda tan especial.<\/h4>\n<h4>Agencia de viajes: Con el concepto de coworking, en 2019 nace Antonio Valencia Viajes. Una zona dentro de nuestras instalaciones, en las que el cliente puede acceder a comprar cualquier tipo de viaje, tanto escapadas, viaje vacacional o de cualquier tipo.<\/h4>\n<h4 style=\"text-align: center;\"><a href=\"http:\/\/antoniovalenciaviajes.com\/\" target=\"_blank\" rel=\"noopener noreferrer\"><img decoding=\"async\" loading=\"lazy\" class=\"wp-image-265 aligncenter\" src=\"http:\/\/antoniovalencia.com\/wp-content\/uploads\/2020\/01\/2b07-150x150.png\" alt=\"\" width=\"61\" height=\"61\" srcset=\"https:\/\/antoniovalencia.com\/wp-content\/uploads\/2020\/01\/2b07-150x150.png 150w, https:\/\/antoniovalencia.com\/wp-content\/uploads\/2020\/01\/2b07-300x300.png 300w, https:\/\/antoniovalencia.com\/wp-content\/uploads\/2020\/01\/2b07-146x146.png 146w, https:\/\/antoniovalencia.com\/wp-content\/uploads\/2020\/01\/2b07-50x50.png 50w, https:\/\/antoniovalencia.com\/wp-content\/uploads\/2020\/01\/2b07-75x75.png 75w, https:\/\/antoniovalencia.com\/wp-content\/uploads\/2020\/01\/2b07-85x85.png 85w, https:\/\/antoniovalencia.com\/wp-content\/uploads\/2020\/01\/2b07-80x80.png 80w, https:\/\/antoniovalencia.com\/wp-content\/uploads\/2020\/01\/2b07.png 512w\" sizes=\"(max-width: 61px) 100vw, 61px\" \/><\/a><em><a href=\"http:\/\/antoniovalenciaviajes.com\/\" target=\"_blank\" rel=\"noopener noreferrer\">www.antoniovalenciaviajes.com<\/a><\/em><\/h4>\n<h4><\/h4>\n<h4>Procuramos que cuando entran en nuestras instalaciones, disfruten de un ambiente c\u00e1lido y acogedor, adem\u00e1s de recibir un servicio excepcional y muy personalizado.<\/h4>\n<p>[\/vc_column_text][\/vc_column][\/vc_row][vc_row][vc_column][vc_separator border_width=\u00bb2&#8243;][\/vc_column][\/vc_row]<\/p>\n","protected":false},"excerpt":{"rendered":"<p>[vc_row disable_element=\u00bbyes\u00bb][vc_column][vc_column_text] Nuestro Sal\u00f3n de estilismo es un lugar donde disfrutar del servicio de peluquer\u00eda, maquillaje y algo m\u00e1s. El sal\u00f3n se distribuye en varias zonas:<span class=\"excerpt-hellip\"> [\u2026]<\/span><\/p>\n","protected":false},"author":2,"featured_media":0,"parent":0,"menu_order":0,"comment_status":"closed","ping_status":"closed","template":"","meta":[],"_links":{"self":[{"href":"https:\/\/antoniovalencia.com\/index.php\/wp-json\/wp\/v2\/pages\/243"}],"collection":[{"href":"https:\/\/antoniovalencia.com\/index.php\/wp-json\/wp\/v2\/pages"}],"about":[{"href":"https:\/\/antoniovalencia.com\/index.php\/wp-json\/wp\/v2\/types\/page"}],"author":[{"embeddable":true,"href":"https:\/\/antoniovalencia.com\/index.php\/wp-json\/wp\/v2\/users\/2"}],"replies":[{"embeddable":true,"href":"https:\/\/antoniovalencia.com\/index.php\/wp-json\/wp\/v2\/comments?post=243"}],"version-history":[{"count":21,"href":"https:\/\/antoniovalencia.com\/index.php\/wp-json\/wp\/v2\/pages\/243\/revisions"}],"predecessor-version":[{"id":376,"href":"https:\/\/antoniovalencia.com\/index.php\/wp-json\/wp\/v2\/pages\/243\/revisions\/376"}],"wp:attachment":[{"href":"https:\/\/antoniovalencia.com\/index.php\/wp-json\/wp\/v2\/media?parent=243"}],"curies":[{"name":"wp","href":"https:\/\/api.w.org\/{rel}","templated":true}]}}