{"id":272,"date":"2020-01-23T17:33:33","date_gmt":"2020-01-23T17:33:33","guid":{"rendered":"http:\/\/antoniovalencia.com\/?page_id=272"},"modified":"2020-01-23T19:26:07","modified_gmt":"2020-01-23T19:26:07","slug":"maquillajes","status":"publish","type":"page","link":"https:\/\/antoniovalencia.com\/index.php\/maquillajes\/","title":{"rendered":"Maquillajes"},"content":{"rendered":"<p>[vc_row][vc_column width=\u00bb1\/2&#8243;][vc_column_text]<\/p>\n<h4>Por definici\u00f3n, el <strong>MAQUILLAJE<\/strong> es el arte de embellecer el rostro, adapt\u00e1ndolo a los diferentes gustos o modas, por medio de productos cosm\u00e9ticos concebidos espec\u00edficamente, utilizando todos los recursos del color.<\/h4>\n<h4>Es un Arte, efectivamente, que nos permite sacar el mayor provecho de las facciones de cada individuo, disimular imperfecciones, destacar determinados rasgos, adaptar el aspecto del rostro a las circunstancias y a las tendencias de la moda.<\/h4>\n<h4>Realizamos varios tipos de maquillajes, seg\u00fan la persona y la ocasi\u00f3n:<\/h4>\n<h4><strong>Maquillaje de d\u00eda o social<\/strong>. Este tipo de maquillaje es para cualquier ocasi\u00f3n de d\u00eda y se usa colores suaves o naturales. As\u00ed mismo su principal objetivo del maquillaje de d\u00eda es hacer lucir un rostro de lo m\u00e1s natural posible.<\/h4>\n<h4><strong>Maquillaje de noche o fiesta<\/strong>. En la noche la luz artificial baja la intensidad del color, por lo que realizaremos un maquillaje intenso. Se puede elegir colores oscuros, texturas brillantes para lograr un look de lo m\u00e1s glamuroso y sofisticado.<\/h4>\n<h4><strong>Maquillaje de novia. <\/strong>Este tipo de maquillaje es muy personal, no hay prototipo a seguir, pero si depende del gusto de la novia. Siempre buscamos favorecer y resaltar los rasgos m\u00e1s bonitos de una forma muy natural.<\/h4>\n<h4><strong>Maquillaje de fantas\u00eda. <\/strong>El maquillaje de fantas\u00eda, por lo general, tiene bastante color, y asimismo en este se puede colocar lentejuelas, perlas, todo tipo de brillos, pesta\u00f1as postizas de diferentes dise\u00f1os, etc.<\/h4>\n<h4><strong>Maquillaje de hombre. <\/strong>Este tipo de maquillaje no debe notarse, sirve para corregir imperfecciones del rostro (como granitos, venas, manchas, etc.) y resaltar lo m\u00e1s leve posible sus facciones.<\/h4>\n<h4><strong>Maquillaje de fotograf\u00eda<\/strong>. En este tipo de maquillaje tenemos en cuenta el tipo de fotograf\u00eda que se vaya a tomar asimismo de la ropa y estilo que le desea dar el fot\u00f3grafo.<\/h4>\n<p>[\/vc_column_text][\/vc_column][vc_column width=\u00bb1\/2&#8243;][vc_single_image image=\u00bb313&#8243; img_size=\u00bblarge\u00bb][rev_slider_vc alias=\u00bbmaquillaje\u00bb][\/vc_column][\/vc_row]<\/p>\n","protected":false},"excerpt":{"rendered":"<p>[vc_row][vc_column width=\u00bb1\/2&#8243;][vc_column_text] Por definici\u00f3n, el MAQUILLAJE es el arte de embellecer el rostro, adapt\u00e1ndolo a los diferentes gustos o modas, por medio de productos cosm\u00e9ticos concebidos<span class=\"excerpt-hellip\"> [\u2026]<\/span><\/p>\n","protected":false},"author":2,"featured_media":0,"parent":0,"menu_order":0,"comment_status":"closed","ping_status":"closed","template":"","meta":[],"_links":{"self":[{"href":"https:\/\/antoniovalencia.com\/index.php\/wp-json\/wp\/v2\/pages\/272"}],"collection":[{"href":"https:\/\/antoniovalencia.com\/index.php\/wp-json\/wp\/v2\/pages"}],"about":[{"href":"https:\/\/antoniovalencia.com\/index.php\/wp-json\/wp\/v2\/types\/page"}],"author":[{"embeddable":true,"href":"https:\/\/antoniovalencia.com\/index.php\/wp-json\/wp\/v2\/users\/2"}],"replies":[{"embeddable":true,"href":"https:\/\/antoniovalencia.com\/index.php\/wp-json\/wp\/v2\/comments?post=272"}],"version-history":[{"count":8,"href":"https:\/\/antoniovalencia.com\/index.php\/wp-json\/wp\/v2\/pages\/272\/revisions"}],"predecessor-version":[{"id":336,"href":"https:\/\/antoniovalencia.com\/index.php\/wp-json\/wp\/v2\/pages\/272\/revisions\/336"}],"wp:attachment":[{"href":"https:\/\/antoniovalencia.com\/index.php\/wp-json\/wp\/v2\/media?parent=272"}],"curies":[{"name":"wp","href":"https:\/\/api.w.org\/{rel}","templated":true}]}}